{"id":15,"date":"2016-11-16T10:11:46","date_gmt":"2016-11-16T09:11:46","guid":{"rendered":"http:\/\/taxiharut.be\/?page_id=15"},"modified":"2023-12-24T11:16:54","modified_gmt":"2023-12-24T10:16:54","slug":"welkom","status":"publish","type":"page","link":"https:\/\/taxiharut.be\/fr\/","title":{"rendered":"Accueil"},"content":{"rendered":"<h2>R\u00e9servation imm\u00e9diate au&nbsp;0498\/430 294 d&rsquo;Aalst<\/h2>\n<p><img loading=\"lazy\" decoding=\"async\" class=\"alignnone wp-image-624 size-full\" src=\"https:\/\/taxiharut.be\/wp-content\/uploads\/2023\/12\/taxi-harut-cars-aalst.jpg\" alt=\"\" width=\"800\" height=\"293\" srcset=\"https:\/\/taxiharut.be\/wp-content\/uploads\/2023\/12\/taxi-harut-cars-aalst.jpg 800w, https:\/\/taxiharut.be\/wp-content\/uploads\/2023\/12\/taxi-harut-cars-aalst-300x110.jpg 300w\" sizes=\"(max-width: 800px) 100vw, 800px\" \/><\/p>\n<p>Besoin d&rsquo;un taxi ? un chauffeur priv\u00e9 ? pour un \u00e9venement o\u00f9 pour aller \u00e0 l&rsquo;a\u00e9roport <a href=\"http:\/\/www.brusselsairport.be\/\">Zaventem<\/a>&nbsp;(BRU), <a href=\"http:\/\/www.charleroi-airport.com\/\">Brussels South Charleroi Airport<\/a>&nbsp;(CRL),&nbsp;<a href=\"http:\/\/www.ost.aero\/\">Internationale Luchthaven Oostende-Brugge<\/a> (OST), <a href=\"http:\/\/www.liegeairport.com\/\">Liege Airport <\/a>(LGG), <a href=\"http:\/\/www.antwerp-airport.be\/\">Internationale Luchthaven Antwerpen<\/a>&nbsp;(ANR) o\u00f9 encore prendre votre train \u00e0 Bruxelles et partout en Belgique ; gare du midi, Thalys, Eurostar&nbsp;et encore profit\u00e9 de nos forfaits fixe pour faire les soldes \u00e0 Lille, Gent&#8230;<\/p>\n<p>Nous vous proposons une large gamme de prestations adapt\u00e9es \u00e0 vos besoins. Nous effectuons le transport priv\u00e9 et professionnel toutes distances d&rsquo;Aalst o\u00f9 des communes voisines (voir la lise dans la zone de prise en charge). Nous r\u00e9alisons \u00e9galement le transport de VIP \u00e0 bord de v\u00e9hicules de luxe. Nous faisons les navettes entre les gares et les a\u00e9roports. Vous pouvez \u00e9galement nous contacter pour le transport de plis, de colis et de bagages. Nous louons nos v\u00e9hicules avec chauffeur.<\/p>\n<div id=\"pub1\">&nbsp;<\/div>\n<div id=\"pub2\">&nbsp;<\/div>\n<ol>\n<li><strong>Transport priv\u00e9 de 1 \u00e0 7 personnes.<\/strong><\/li>\n<li><strong>Transfert 24h\/24, 7 j\/7.<\/strong><\/li>\n<li><strong>Attente gratuite de votre avion en cas de retard.<\/strong><\/li>\n<li><strong>V\u00e9hicules grands coffres. Pas de suppl\u00e9ment bagages.<\/strong><\/li>\n<li><strong>Embouteillages ou pas, m\u00eame tarif.<\/strong><\/li>\n<li><strong>Prix fixes et connus \u00e0 l&rsquo;avance.<\/strong><\/li>\n<li><strong>V\u00e9hicules de standing, tout confort et climatis\u00e9s.<\/strong><\/li>\n<li><strong>Chauffeurs courtois et professionnels.<\/strong><\/li>\n<\/ol>\n<div>&nbsp;<\/div>\n<div><strong>Zone de prise en charge<\/strong> :<\/div>\n<p><img loading=\"lazy\" decoding=\"async\" class=\"alignnone size-full wp-image-112\" src=\"\/wp-content\/uploads\/2016\/11\/MnpAalstLocation.png\" alt=\"mnpaalstlocation\" width=\"270\" height=\"203\" srcset=\"https:\/\/taxiharut.be\/wp-content\/uploads\/2016\/11\/MnpAalstLocation.png 270w, https:\/\/taxiharut.be\/wp-content\/uploads\/2016\/11\/MnpAalstLocation-250x188.png 250w, https:\/\/taxiharut.be\/wp-content\/uploads\/2016\/11\/MnpAalstLocation-100x75.png 100w\" sizes=\"(max-width: 270px) 100vw, 270px\" \/><\/p>\n<p>Aalst, Affligem, Asse, Baardegem, Ternat, Roosdaal, Erembodegem, Erpe-mere, Haaltert, Herdersem, Gijzegem, Lede, Liedekerke, Denderleeuw, Lebbeke, Oordegem, Berlare, Moorsele, Ninove, Wetteren, Wieze<br \/>\n<script type=\"text\/javascript\" src=\"\/\/widget.trustpilot.com\/bootstrap\/v5\/tp.widget.sync.bootstrap.min.js\" async=\"\"><\/script><br \/>\n<!-- TrustBox widget --><\/p>\n<div class=\"trustpilot-widget\" data-locale=\"nl-BE\" data-template-id=\"5419b6a8b0d04a076446a9ad\" data-businessunit-id=\"582d6f650000ff000597a271\" data-style-height=\"20px\" data-style-width=\"100%\" data-theme=\"light\"><a href=\"https:\/\/nl-be.trustpilot.com\/review\/taxiharut.be\" target=\"_blank\" rel=\"noopener\">Trustpilot<\/a><\/div>\n<p><!-- End TrustBox widget --><br \/>\n<a href=\"\/contact\/\">Contactez-nous<\/a> pour de plus amples renseignements concernant vos trajets priv\u00e9s<\/p>\n","protected":false},"excerpt":{"rendered":"<p>R\u00e9servation imm\u00e9diate au&nbsp;0498\/430 294 d&rsquo;Aalst Besoin d&rsquo;un taxi ? un chauffeur priv\u00e9 ? pour un \u00e9venement o\u00f9 pour aller \u00e0 l&rsquo;a\u00e9roport Zaventem&nbsp;(BRU), Brussels South Charleroi Airport&nbsp;(CRL),&nbsp;Internationale Luchthaven Oostende-Brugge (OST), Liege Airport (LGG), Internationale Luchthaven Antwerpen&nbsp;(ANR) o\u00f9 encore prendre votre train \u00e0 Bruxelles et partout en Belgique ; gare du midi, Thalys, Eurostar&nbsp;et encore profit\u00e9 de &hellip; <\/p>\n<p class=\"link-more\"><a href=\"https:\/\/taxiharut.be\/fr\/\" class=\"more-link\">Lire la suite de<span class=\"screen-reader-text\">\u00ab\u00a0Accueil\u00a0\u00bb<\/span><\/a><\/p>\n","protected":false},"author":1,"featured_media":0,"parent":0,"menu_order":0,"comment_status":"closed","ping_status":"closed","template":"","meta":{"ngg_post_thumbnail":0,"footnotes":""},"translation":{"provider":"WPGlobus","version":"2.12.2","language":"fr","enabled_languages":["nl","fr"],"languages":{"nl":{"title":true,"content":true,"excerpt":false},"fr":{"title":true,"content":true,"excerpt":false}}},"aioseo_notices":[],"_links":{"self":[{"href":"https:\/\/taxiharut.be\/fr\/wp-json\/wp\/v2\/pages\/15"}],"collection":[{"href":"https:\/\/taxiharut.be\/fr\/wp-json\/wp\/v2\/pages"}],"about":[{"href":"https:\/\/taxiharut.be\/fr\/wp-json\/wp\/v2\/types\/page"}],"author":[{"embeddable":true,"href":"https:\/\/taxiharut.be\/fr\/wp-json\/wp\/v2\/users\/1"}],"replies":[{"embeddable":true,"href":"https:\/\/taxiharut.be\/fr\/wp-json\/wp\/v2\/comments?post=15"}],"version-history":[{"count":44,"href":"https:\/\/taxiharut.be\/fr\/wp-json\/wp\/v2\/pages\/15\/revisions"}],"predecessor-version":[{"id":657,"href":"https:\/\/taxiharut.be\/fr\/wp-json\/wp\/v2\/pages\/15\/revisions\/657"}],"wp:attachment":[{"href":"https:\/\/taxiharut.be\/fr\/wp-json\/wp\/v2\/media?parent=15"}],"curies":[{"name":"wp","href":"https:\/\/api.w.org\/{rel}","templated":true}]}}