{"id":21,"date":"2016-11-16T10:18:23","date_gmt":"2016-11-16T09:18:23","guid":{"rendered":"http:\/\/taxiharut.be\/?page_id=21"},"modified":"2023-12-24T09:48:00","modified_gmt":"2023-12-24T08:48:00","slug":"over-taxi-harut","status":"publish","type":"page","link":"https:\/\/taxiharut.be\/fr\/over-taxi-harut\/","title":{"rendered":"A propos"},"content":{"rendered":"<p><img loading=\"lazy\" decoding=\"async\" class=\"aligncenter wp-image-116 size-medium\" src=\"\/wp-content\/uploads\/2016\/11\/aalst-taxi-airport-charleroi-transfert-luik-brussel-225x300.jpeg\" alt=\"aalst-taxi-airport-charleroi-transfert-luik-brussel\" width=\"225\" height=\"300\" srcset=\"https:\/\/taxiharut.be\/wp-content\/uploads\/2016\/11\/aalst-taxi-airport-charleroi-transfert-luik-brussel-225x300.jpeg 225w, https:\/\/taxiharut.be\/wp-content\/uploads\/2016\/11\/aalst-taxi-airport-charleroi-transfert-luik-brussel-768x1024.jpeg 768w, https:\/\/taxiharut.be\/wp-content\/uploads\/2016\/11\/aalst-taxi-airport-charleroi-transfert-luik-brussel-700x933.jpeg 700w, https:\/\/taxiharut.be\/wp-content\/uploads\/2016\/11\/aalst-taxi-airport-charleroi-transfert-luik-brussel-520x693.jpeg 520w, https:\/\/taxiharut.be\/wp-content\/uploads\/2016\/11\/aalst-taxi-airport-charleroi-transfert-luik-brussel-360x480.jpeg 360w, https:\/\/taxiharut.be\/wp-content\/uploads\/2016\/11\/aalst-taxi-airport-charleroi-transfert-luik-brussel-250x333.jpeg 250w, https:\/\/taxiharut.be\/wp-content\/uploads\/2016\/11\/aalst-taxi-airport-charleroi-transfert-luik-brussel-100x133.jpeg 100w, https:\/\/taxiharut.be\/wp-content\/uploads\/2016\/11\/aalst-taxi-airport-charleroi-transfert-luik-brussel.jpeg 960w\" sizes=\"(max-width: 225px) 100vw, 225px\" \/><\/p>\n<p>Taxi Harut Aalst vous propose&nbsp;un <strong>service porte \u00e0 porte<\/strong> <strong>de voiture avec chauffeur<\/strong> jusqu&rsquo;\u00e0 4&nbsp;passagers par v\u00e9hicule \u00e0 Alost et les localit\u00e9s voisines<\/p>\n<p>&nbsp;<\/p>\n<p>Que vous ayez besoin de :<\/p>\n<ul>\n<li>vous rendre sereinement \u00e0 la <strong>gare<\/strong><\/li>\n<li>aller&nbsp;dans un <strong>parc d&rsquo;attractions<\/strong> en famille<\/li>\n<li>un <strong>transfert entre deux a\u00e9roports<\/strong><\/li>\n<li>avoir un chauffeur \u00e0 disposition pour la journ\u00e9e<\/li>\n<li>mettre en place une <strong>navette r\u00e9guli\u00e8re pour vos employ\u00e9s<\/strong><\/li>\n<li>organiser le transport de vos <strong>\u00e9v\u00e9nements&nbsp;<\/strong><\/li>\n<\/ul>\n<p>Nos chauffeurs sont l\u00e0 pour assurer tous vos <strong>transports<\/strong> dans les meilleures conditions !&nbsp;<\/p>\n<p>Votre <strong>voiture avec chauffeur<\/strong> vous attendra avec une <strong>pancarte \u00e0 votre nom<\/strong> et s&rsquo;occupera de vos <strong>bagages<\/strong>. La communication directe par t\u00e9l\u00e9phone portable permet de faire face aux impr\u00e9vus !&nbsp;<\/p>\n<p>&nbsp;<\/p>\n<h2>&nbsp;<\/h2>\n","protected":false},"excerpt":{"rendered":"<p>Taxi Harut Aalst vous propose&nbsp;un service porte \u00e0 porte de voiture avec chauffeur jusqu&rsquo;\u00e0 4&nbsp;passagers par v\u00e9hicule \u00e0 Alost et les localit\u00e9s voisines &nbsp; Que vous ayez besoin de : vous rendre sereinement \u00e0 la gare aller&nbsp;dans un parc d&rsquo;attractions en famille un transfert entre deux a\u00e9roports avoir un chauffeur \u00e0 disposition pour la journ\u00e9e &hellip; <\/p>\n<p class=\"link-more\"><a href=\"https:\/\/taxiharut.be\/fr\/over-taxi-harut\/\" class=\"more-link\">Lire la suite de<span class=\"screen-reader-text\">\u00ab\u00a0A propos\u00a0\u00bb<\/span><\/a><\/p>\n","protected":false},"author":1,"featured_media":0,"parent":0,"menu_order":2,"comment_status":"closed","ping_status":"closed","template":"","meta":{"ngg_post_thumbnail":0,"footnotes":""},"translation":{"provider":"WPGlobus","version":"2.12.2","language":"fr","enabled_languages":["nl","fr"],"languages":{"nl":{"title":true,"content":true,"excerpt":false},"fr":{"title":true,"content":true,"excerpt":false}}},"aioseo_notices":[],"_links":{"self":[{"href":"https:\/\/taxiharut.be\/fr\/wp-json\/wp\/v2\/pages\/21"}],"collection":[{"href":"https:\/\/taxiharut.be\/fr\/wp-json\/wp\/v2\/pages"}],"about":[{"href":"https:\/\/taxiharut.be\/fr\/wp-json\/wp\/v2\/types\/page"}],"author":[{"embeddable":true,"href":"https:\/\/taxiharut.be\/fr\/wp-json\/wp\/v2\/users\/1"}],"replies":[{"embeddable":true,"href":"https:\/\/taxiharut.be\/fr\/wp-json\/wp\/v2\/comments?post=21"}],"version-history":[{"count":19,"href":"https:\/\/taxiharut.be\/fr\/wp-json\/wp\/v2\/pages\/21\/revisions"}],"predecessor-version":[{"id":622,"href":"https:\/\/taxiharut.be\/fr\/wp-json\/wp\/v2\/pages\/21\/revisions\/622"}],"wp:attachment":[{"href":"https:\/\/taxiharut.be\/fr\/wp-json\/wp\/v2\/media?parent=21"}],"curies":[{"name":"wp","href":"https:\/\/api.w.org\/{rel}","templated":true}]}}