{"id":23,"date":"2016-11-16T10:29:01","date_gmt":"2016-11-16T09:29:01","guid":{"rendered":"http:\/\/taxiharut.be\/?page_id=23"},"modified":"2023-12-24T10:36:18","modified_gmt":"2023-12-24T09:36:18","slug":"contact","status":"publish","type":"page","link":"https:\/\/taxiharut.be\/fr\/contact\/","title":{"rendered":"Contact"},"content":{"rendered":"<p><img loading=\"lazy\" decoding=\"async\" class=\"aligncenter wp-image-143 \" src=\"\/wp-content\/uploads\/2016\/11\/Aalst_taxi_service_navette_airport-1.jpg\" alt=\"aalst_taxi_service_navette_airport\" width=\"521\" height=\"432\" srcset=\"https:\/\/taxiharut.be\/wp-content\/uploads\/2016\/11\/Aalst_taxi_service_navette_airport-1.jpg 960w, https:\/\/taxiharut.be\/wp-content\/uploads\/2016\/11\/Aalst_taxi_service_navette_airport-1-300x249.jpg 300w, https:\/\/taxiharut.be\/wp-content\/uploads\/2016\/11\/Aalst_taxi_service_navette_airport-1-768x637.jpg 768w, https:\/\/taxiharut.be\/wp-content\/uploads\/2016\/11\/Aalst_taxi_service_navette_airport-1-700x580.jpg 700w, https:\/\/taxiharut.be\/wp-content\/uploads\/2016\/11\/Aalst_taxi_service_navette_airport-1-520x431.jpg 520w, https:\/\/taxiharut.be\/wp-content\/uploads\/2016\/11\/Aalst_taxi_service_navette_airport-1-360x299.jpg 360w, https:\/\/taxiharut.be\/wp-content\/uploads\/2016\/11\/Aalst_taxi_service_navette_airport-1-250x207.jpg 250w, https:\/\/taxiharut.be\/wp-content\/uploads\/2016\/11\/Aalst_taxi_service_navette_airport-1-100x83.jpg 100w\" sizes=\"(max-width: 521px) 100vw, 521px\" \/><br \/>\nVous recherchez une entreprise de taxis dynamique ou de transport priv\u00e9 de personnes fiable et Ponctuelle pour le transport du personnel de votre Soci\u00e9t\u00e9 ou de vos clients \u00e0 Alost et environs ?<\/p>\n<p>Nous sommes disponible 24\/24 7\/7 pour une r\u00e9servation o\u00f9 demande d&rsquo;informations \u00e9crivez nous via ce formulaire.<\/p>\n\n<div class=\"wpcf7 no-js\" id=\"wpcf7-f6-o1\" lang=\"fr-FR\" dir=\"ltr\">\n<div class=\"screen-reader-response\"><p role=\"status\" aria-live=\"polite\" aria-atomic=\"true\"><\/p> <ul><\/ul><\/div>\n<form action=\"\/fr\/wp-json\/wp\/v2\/pages\/23#wpcf7-f6-o1\" method=\"post\" class=\"wpcf7-form init\" aria-label=\"Formulaire de contact\" novalidate=\"novalidate\" data-status=\"init\">\n<div style=\"display: none;\">\n<input type=\"hidden\" name=\"_wpcf7\" value=\"6\" \/>\n<input type=\"hidden\" name=\"_wpcf7_version\" value=\"5.8.5\" \/>\n<input type=\"hidden\" name=\"_wpcf7_locale\" value=\"fr_FR\" \/>\n<input type=\"hidden\" name=\"_wpcf7_unit_tag\" value=\"wpcf7-f6-o1\" \/>\n<input type=\"hidden\" name=\"_wpcf7_container_post\" value=\"0\" \/>\n<input type=\"hidden\" name=\"_wpcf7_posted_data_hash\" value=\"\" \/>\n<\/div>\n<p><label> Votre nom (obligatoire)<br \/>\n<span class=\"wpcf7-form-control-wrap\" data-name=\"your-name\"><input size=\"40\" class=\"wpcf7-form-control wpcf7-text wpcf7-validates-as-required\" aria-required=\"true\" aria-invalid=\"false\" value=\"\" type=\"text\" name=\"your-name\" \/><\/span> <\/label>\n<\/p>\n<p><label> Votre e-mail (obligatoire)<br \/>\n<span class=\"wpcf7-form-control-wrap\" data-name=\"your-email\"><input size=\"40\" class=\"wpcf7-form-control wpcf7-email wpcf7-validates-as-required wpcf7-text wpcf7-validates-as-email\" aria-required=\"true\" aria-invalid=\"false\" value=\"\" type=\"email\" name=\"your-email\" \/><\/span> <\/label><br \/>\n<label> Votre numero de t\u00e9l\u00e9phone (obligatoire)<br \/>\n<span class=\"wpcf7-form-control-wrap\" data-name=\"tel-566\"><input size=\"40\" class=\"wpcf7-form-control wpcf7-tel wpcf7-validates-as-required wpcf7-text wpcf7-validates-as-tel\" aria-required=\"true\" aria-invalid=\"false\" value=\"\" type=\"tel\" name=\"tel-566\" \/><\/span> <\/label><br \/>\n<label> Sujet<br \/>\n<span class=\"wpcf7-form-control-wrap\" data-name=\"your-subject\"><input size=\"40\" class=\"wpcf7-form-control wpcf7-text\" aria-invalid=\"false\" value=\"\" type=\"text\" name=\"your-subject\" \/><\/span> <\/label>\n<\/p>\n<p><label> Votre message<br \/>\n<span class=\"wpcf7-form-control-wrap\" data-name=\"your-message\"><textarea cols=\"40\" rows=\"10\" class=\"wpcf7-form-control wpcf7-textarea\" aria-invalid=\"false\" name=\"your-message\"><\/textarea><\/span> <\/label>\n<\/p>\n<p><input class=\"wpcf7-form-control wpcf7-submit has-spinner\" type=\"submit\" value=\"Envoyer\" \/>\n<\/p><p style=\"display: none !important;\"><label>&#916;<textarea name=\"_wpcf7_ak_hp_textarea\" cols=\"45\" rows=\"8\" maxlength=\"100\"><\/textarea><\/label><input type=\"hidden\" id=\"ak_js_1\" name=\"_wpcf7_ak_js\" value=\"77\"\/><script>document.getElementById( \"ak_js_1\" ).setAttribute( \"value\", ( new Date() ).getTime() );<\/script><\/p><div class=\"wpcf7-response-output\" aria-hidden=\"true\"><\/div>\n<\/form>\n<\/div>\n\n","protected":false},"excerpt":{"rendered":"<p>Vous recherchez une entreprise de taxis dynamique ou de transport priv\u00e9 de personnes fiable et Ponctuelle pour le transport du personnel de votre Soci\u00e9t\u00e9 ou de vos clients \u00e0 Alost et environs ? Nous sommes disponible 24\/24 7\/7 pour une r\u00e9servation o\u00f9 demande d&rsquo;informations \u00e9crivez nous via ce formulaire.<\/p>\n","protected":false},"author":1,"featured_media":0,"parent":0,"menu_order":4,"comment_status":"closed","ping_status":"closed","template":"","meta":{"ngg_post_thumbnail":0,"footnotes":""},"translation":{"provider":"WPGlobus","version":"2.12.2","language":"fr","enabled_languages":["nl","fr"],"languages":{"nl":{"title":true,"content":true,"excerpt":false},"fr":{"title":true,"content":true,"excerpt":false}}},"aioseo_notices":[],"_links":{"self":[{"href":"https:\/\/taxiharut.be\/fr\/wp-json\/wp\/v2\/pages\/23"}],"collection":[{"href":"https:\/\/taxiharut.be\/fr\/wp-json\/wp\/v2\/pages"}],"about":[{"href":"https:\/\/taxiharut.be\/fr\/wp-json\/wp\/v2\/types\/page"}],"author":[{"embeddable":true,"href":"https:\/\/taxiharut.be\/fr\/wp-json\/wp\/v2\/users\/1"}],"replies":[{"embeddable":true,"href":"https:\/\/taxiharut.be\/fr\/wp-json\/wp\/v2\/comments?post=23"}],"version-history":[{"count":16,"href":"https:\/\/taxiharut.be\/fr\/wp-json\/wp\/v2\/pages\/23\/revisions"}],"predecessor-version":[{"id":637,"href":"https:\/\/taxiharut.be\/fr\/wp-json\/wp\/v2\/pages\/23\/revisions\/637"}],"wp:attachment":[{"href":"https:\/\/taxiharut.be\/fr\/wp-json\/wp\/v2\/media?parent=23"}],"curies":[{"name":"wp","href":"https:\/\/api.w.org\/{rel}","templated":true}]}}