{"id":258,"date":"2017-12-22T23:52:29","date_gmt":"2017-12-22T22:52:29","guid":{"rendered":"http:\/\/taxiharut.be\/?page_id=258"},"modified":"2023-12-24T03:09:33","modified_gmt":"2023-12-24T02:09:33","slug":"taxi-liedekerke","status":"publish","type":"page","link":"https:\/\/taxiharut.be\/fr\/diensten-services\/taxi-liedekerke\/","title":{"rendered":"Taxi Liedekerke"},"content":{"rendered":"<h3>Taxi Cab \u2022 Taxi Limousine&nbsp; \u2022 Chauffeur Priv\u00e9 Liedekerke<\/h3>\n<p><img loading=\"lazy\" decoding=\"async\" class=\"aligncenter wp-image-281 size-large\" src=\"\/wp-content\/uploads\/2017\/12\/taxi-aalst-limousine-goedkoop-1024x372.jpg\" alt=\"\" width=\"640\" height=\"233\" srcset=\"https:\/\/taxiharut.be\/wp-content\/uploads\/2017\/12\/taxi-aalst-limousine-goedkoop-1024x372.jpg 1024w, https:\/\/taxiharut.be\/wp-content\/uploads\/2017\/12\/taxi-aalst-limousine-goedkoop-300x109.jpg 300w, https:\/\/taxiharut.be\/wp-content\/uploads\/2017\/12\/taxi-aalst-limousine-goedkoop-768x279.jpg 768w, https:\/\/taxiharut.be\/wp-content\/uploads\/2017\/12\/taxi-aalst-limousine-goedkoop-700x254.jpg 700w, https:\/\/taxiharut.be\/wp-content\/uploads\/2017\/12\/taxi-aalst-limousine-goedkoop-520x189.jpg 520w, https:\/\/taxiharut.be\/wp-content\/uploads\/2017\/12\/taxi-aalst-limousine-goedkoop-360x131.jpg 360w, https:\/\/taxiharut.be\/wp-content\/uploads\/2017\/12\/taxi-aalst-limousine-goedkoop-250x91.jpg 250w, https:\/\/taxiharut.be\/wp-content\/uploads\/2017\/12\/taxi-aalst-limousine-goedkoop-100x36.jpg 100w\" sizes=\"(max-width: 640px) 100vw, 640px\" \/><\/p>\n<p><strong>TRANSFERT A\u00c9ROPORT<\/strong><br \/>\n&nbsp;<br \/>\nPour vos trajets vers l\u2019a\u00e9roport, votre voiture vous attend en bas de chez vous et un chauffeur qualifi\u00e9 vous aide \u00e0 charger vos bagages. Vous arrivez \u00e0 BRU O\u00f9 CRL ? Le vol \u00e9tait long et p\u00e9nible ? Retrouvez le confort de nos voitures et laissez-vous transporter par nos chauffeurs. Avec&nbsp;<strong>TAXI HARUT<\/strong>, voyagez en toute s\u00e9r\u00e9nit\u00e9.<\/p>\n<p><strong>&nbsp;<\/strong><br \/>\n<strong> MISE \u00c0 DISPOSITION DE CHAUFFEUR<\/strong><br \/>\n&nbsp;<br \/>\nLa journ\u00e9e s\u2019annonce charg\u00e9e et vous ne voulez en perdre aucune seconde ? Pensez \u00e0 r\u00e9server votre voiture avec chauffeur qui vous accompagnera dans tous vos d\u00e9placements en Belgique. Votre voiture de luxe vous d\u00e9pose, vous attend et reste \u00e0 votre disposition aussi longtemps que vous le souhaitez.<\/p>\n<p><strong>VISITE TOURISTIQUE<\/strong><br \/>\n&nbsp;<br \/>\nVille de l\u2019amour pour certains et ville de la mode pour d\u2019autres, toutes les raisons sont bonnes pour visiter Alost. Ne perdez pas votre temps dans les transports ni votre agent dans les taxis ! Nous vous proposons le confort et la s\u00e9curit\u00e9 de nos voitures pour vous accompagner dans votre d\u00e9couverte de la ville.<\/p>\n<p><strong>&nbsp;<\/strong><br \/>\n<strong> D\u00c9PLACEMENTS PROFESSIONNELS<\/strong><br \/>\nVous avez besoin d\u2019une voiture pour vos d\u00e9placements priv\u00e9s ou professionnels ? D\u2019une voiture de luxe ? Avec un chauffeur professionnel ? Qui saura vous emmener o\u00f9 vous souhaitez, quand vous le d\u00e9sirez ? Vous avez frapp\u00e9 \u00e0 la bonne porte !<br \/>\nPr\u00e9voyez vos d\u00e9placements \u00e0 l\u2019avance et r\u00e9servez votre voiture avec chauffeur. Quelle que soit l\u2019occasion, Taxi Harut Aalst saura vous proposer la voiture qui r\u00e9pond le mieux \u00e0 vos besoins.<\/p>\n<p><strong>Taxi Harut Aalst<\/strong><\/p>\n<p>Ouden Aardeweg 10&nbsp;<br \/>\n9300 Aalst&nbsp;<br \/>\nBTW: BE0642811080&nbsp;<br \/>\nMail: info@taxiharut.be&nbsp;<br \/>\nTel: +32 (0) 498 43 02 94<\/p>\n","protected":false},"excerpt":{"rendered":"<p>Taxi Cab \u2022 Taxi Limousine&nbsp; \u2022 Chauffeur Priv\u00e9 Liedekerke TRANSFERT A\u00c9ROPORT &nbsp; Pour vos trajets vers l\u2019a\u00e9roport, votre voiture vous attend en bas de chez vous et un chauffeur qualifi\u00e9 vous aide \u00e0 charger vos bagages. Vous arrivez \u00e0 BRU O\u00f9 CRL ? Le vol \u00e9tait long et p\u00e9nible ? Retrouvez le confort de nos &hellip; <\/p>\n<p class=\"link-more\"><a href=\"https:\/\/taxiharut.be\/fr\/diensten-services\/taxi-liedekerke\/\" class=\"more-link\">Lire la suite de<span class=\"screen-reader-text\">\u00ab\u00a0Taxi Liedekerke\u00a0\u00bb<\/span><\/a><\/p>\n","protected":false},"author":1,"featured_media":0,"parent":17,"menu_order":0,"comment_status":"closed","ping_status":"closed","template":"","meta":{"ngg_post_thumbnail":0,"footnotes":""},"translation":{"provider":"WPGlobus","version":"2.12.2","language":"fr","enabled_languages":["nl","fr"],"languages":{"nl":{"title":true,"content":true,"excerpt":false},"fr":{"title":true,"content":true,"excerpt":false}}},"aioseo_notices":[],"_links":{"self":[{"href":"https:\/\/taxiharut.be\/fr\/wp-json\/wp\/v2\/pages\/258"}],"collection":[{"href":"https:\/\/taxiharut.be\/fr\/wp-json\/wp\/v2\/pages"}],"about":[{"href":"https:\/\/taxiharut.be\/fr\/wp-json\/wp\/v2\/types\/page"}],"author":[{"embeddable":true,"href":"https:\/\/taxiharut.be\/fr\/wp-json\/wp\/v2\/users\/1"}],"replies":[{"embeddable":true,"href":"https:\/\/taxiharut.be\/fr\/wp-json\/wp\/v2\/comments?post=258"}],"version-history":[{"count":6,"href":"https:\/\/taxiharut.be\/fr\/wp-json\/wp\/v2\/pages\/258\/revisions"}],"predecessor-version":[{"id":577,"href":"https:\/\/taxiharut.be\/fr\/wp-json\/wp\/v2\/pages\/258\/revisions\/577"}],"up":[{"embeddable":true,"href":"https:\/\/taxiharut.be\/fr\/wp-json\/wp\/v2\/pages\/17"}],"wp:attachment":[{"href":"https:\/\/taxiharut.be\/fr\/wp-json\/wp\/v2\/media?parent=258"}],"curies":[{"name":"wp","href":"https:\/\/api.w.org\/{rel}","templated":true}]}}