{"id":30,"date":"2016-11-16T10:40:42","date_gmt":"2016-11-16T09:40:42","guid":{"rendered":"http:\/\/taxiharut.be\/?page_id=30"},"modified":"2016-11-17T10:44:11","modified_gmt":"2016-11-17T09:44:11","slug":"ontvang-een-gratis-oproep","status":"publish","type":"page","link":"https:\/\/taxiharut.be\/fr\/contact\/ontvang-een-gratis-oproep\/","title":{"rendered":"Rappel Gratuit"},"content":{"rendered":"<p><img loading=\"lazy\" decoding=\"async\" class=\"size-medium wp-image-137 aligncenter\" src=\"\/wp-content\/uploads\/2016\/11\/rappel_gratuit-taxi-harut-300x122.png\" alt=\"rappel_gratuit-taxi-harut\" width=\"300\" height=\"122\" srcset=\"https:\/\/taxiharut.be\/wp-content\/uploads\/2016\/11\/rappel_gratuit-taxi-harut-300x122.png 300w, https:\/\/taxiharut.be\/wp-content\/uploads\/2016\/11\/rappel_gratuit-taxi-harut-250x102.png 250w, https:\/\/taxiharut.be\/wp-content\/uploads\/2016\/11\/rappel_gratuit-taxi-harut-100x41.png 100w, https:\/\/taxiharut.be\/wp-content\/uploads\/2016\/11\/rappel_gratuit-taxi-harut.png 310w\" sizes=\"(max-width: 300px) 100vw, 300px\" \/>\n<div class=\"wpcf7 no-js\" id=\"wpcf7-f135-o1\" lang=\"fr-FR\" dir=\"ltr\">\n<div class=\"screen-reader-response\"><p role=\"status\" aria-live=\"polite\" aria-atomic=\"true\"><\/p> <ul><\/ul><\/div>\n<form action=\"\/fr\/wp-json\/wp\/v2\/pages\/30#wpcf7-f135-o1\" method=\"post\" class=\"wpcf7-form init\" aria-label=\"Formulaire de contact\" novalidate=\"novalidate\" data-status=\"init\">\n<div style=\"display: none;\">\n<input type=\"hidden\" name=\"_wpcf7\" value=\"135\" \/>\n<input type=\"hidden\" name=\"_wpcf7_version\" value=\"5.8.5\" \/>\n<input type=\"hidden\" name=\"_wpcf7_locale\" value=\"fr_FR\" \/>\n<input type=\"hidden\" name=\"_wpcf7_unit_tag\" value=\"wpcf7-f135-o1\" \/>\n<input type=\"hidden\" name=\"_wpcf7_container_post\" value=\"0\" \/>\n<input type=\"hidden\" name=\"_wpcf7_posted_data_hash\" value=\"\" \/>\n<\/div>\n<p><label> Votre nom (obligatoire)<br \/>\n<span class=\"wpcf7-form-control-wrap\" data-name=\"your-name\"><input size=\"40\" class=\"wpcf7-form-control wpcf7-text wpcf7-validates-as-required\" aria-required=\"true\" aria-invalid=\"false\" value=\"\" type=\"text\" name=\"your-name\" \/><\/span> <\/label>\n<\/p>\n<p><label> Votre num\u00e9ro de t\u00e9l\u00e9phone (obligatoire)<br \/>\n<span class=\"wpcf7-form-control-wrap\" data-name=\"tel-247\"><input size=\"40\" class=\"wpcf7-form-control wpcf7-tel wpcf7-validates-as-required wpcf7-text wpcf7-validates-as-tel\" aria-required=\"true\" aria-invalid=\"false\" value=\"\" type=\"tel\" name=\"tel-247\" \/><\/span> <\/label>\n<\/p>\n<p><input class=\"wpcf7-form-control wpcf7-submit has-spinner\" type=\"submit\" value=\"Envoyer\" \/>\n<\/p><p style=\"display: none !important;\"><label>&#916;<textarea name=\"_wpcf7_ak_hp_textarea\" cols=\"45\" rows=\"8\" maxlength=\"100\"><\/textarea><\/label><input type=\"hidden\" id=\"ak_js_1\" name=\"_wpcf7_ak_js\" value=\"5\"\/><script>document.getElementById( \"ak_js_1\" ).setAttribute( \"value\", ( new Date() ).getTime() );<\/script><\/p><div class=\"wpcf7-response-output\" aria-hidden=\"true\"><\/div>\n<\/form>\n<\/div>\n<\/p>\n","protected":false},"excerpt":{"rendered":"","protected":false},"author":1,"featured_media":0,"parent":23,"menu_order":0,"comment_status":"closed","ping_status":"closed","template":"","meta":{"ngg_post_thumbnail":0,"footnotes":""},"translation":{"provider":"WPGlobus","version":"2.12.2","language":"fr","enabled_languages":["nl","fr"],"languages":{"nl":{"title":true,"content":true,"excerpt":false},"fr":{"title":true,"content":true,"excerpt":false}}},"aioseo_notices":[],"_links":{"self":[{"href":"https:\/\/taxiharut.be\/fr\/wp-json\/wp\/v2\/pages\/30"}],"collection":[{"href":"https:\/\/taxiharut.be\/fr\/wp-json\/wp\/v2\/pages"}],"about":[{"href":"https:\/\/taxiharut.be\/fr\/wp-json\/wp\/v2\/types\/page"}],"author":[{"embeddable":true,"href":"https:\/\/taxiharut.be\/fr\/wp-json\/wp\/v2\/users\/1"}],"replies":[{"embeddable":true,"href":"https:\/\/taxiharut.be\/fr\/wp-json\/wp\/v2\/comments?post=30"}],"version-history":[{"count":4,"href":"https:\/\/taxiharut.be\/fr\/wp-json\/wp\/v2\/pages\/30\/revisions"}],"predecessor-version":[{"id":140,"href":"https:\/\/taxiharut.be\/fr\/wp-json\/wp\/v2\/pages\/30\/revisions\/140"}],"up":[{"embeddable":true,"href":"https:\/\/taxiharut.be\/fr\/wp-json\/wp\/v2\/pages\/23"}],"wp:attachment":[{"href":"https:\/\/taxiharut.be\/fr\/wp-json\/wp\/v2\/media?parent=30"}],"curies":[{"name":"wp","href":"https:\/\/api.w.org\/{rel}","templated":true}]}}