{"id":32,"date":"2016-11-16T10:58:54","date_gmt":"2016-11-16T09:58:54","guid":{"rendered":"http:\/\/taxiharut.be\/?page_id=32"},"modified":"2023-12-24T00:41:14","modified_gmt":"2023-12-23T23:41:14","slug":"eco-driving","status":"publish","type":"page","link":"https:\/\/taxiharut.be\/fr\/over-taxi-harut\/eco-driving\/","title":{"rendered":"Ecoconduite"},"content":{"rendered":"<p><img loading=\"lazy\" decoding=\"async\" class=\"size-medium wp-image-151 aligncenter\" src=\"\/wp-content\/uploads\/2016\/11\/ecoresp-300x276.jpg\" alt=\"ecoresp\" width=\"300\" height=\"276\" srcset=\"https:\/\/taxiharut.be\/wp-content\/uploads\/2016\/11\/ecoresp-300x276.jpg 300w, https:\/\/taxiharut.be\/wp-content\/uploads\/2016\/11\/ecoresp-360x331.jpg 360w, https:\/\/taxiharut.be\/wp-content\/uploads\/2016\/11\/ecoresp-250x230.jpg 250w, https:\/\/taxiharut.be\/wp-content\/uploads\/2016\/11\/ecoresp-100x92.jpg 100w, https:\/\/taxiharut.be\/wp-content\/uploads\/2016\/11\/ecoresp.jpg 409w\" sizes=\"(max-width: 300px) 100vw, 300px\" \/>Afin de poursuivre sa d\u00e9marche d\u2019entreprise durable, la soci\u00e9t\u00e9 Harut AM sprl&nbsp;s\u2019engage \u00e0 former l\u2019ensemble de ses collaborateurs \u00e0 l\u2019\u00e9co-conduite. \u00c9conomies de carburant et diminution de l\u2019impact environnemental des v\u00e9hicules, l\u2019\u00e9co-conduite garantit un transport plus responsable.<\/p>\n<p>Au-del\u00e0 de ses avantages environnementaux et \u00e9conomiques, l\u2019\u00e9co-conduite permet un transport s\u00fbr et une diminution des risques d\u2019accidents.<\/p>\n","protected":false},"excerpt":{"rendered":"<p>Afin de poursuivre sa d\u00e9marche d\u2019entreprise durable, la soci\u00e9t\u00e9 Harut AM sprl&nbsp;s\u2019engage \u00e0 former l\u2019ensemble de ses collaborateurs \u00e0 l\u2019\u00e9co-conduite. \u00c9conomies de carburant et diminution de l\u2019impact environnemental des v\u00e9hicules, l\u2019\u00e9co-conduite garantit un transport plus responsable. Au-del\u00e0 de ses avantages environnementaux et \u00e9conomiques, l\u2019\u00e9co-conduite permet un transport s\u00fbr et une diminution des risques d\u2019accidents.<\/p>\n","protected":false},"author":1,"featured_media":0,"parent":21,"menu_order":0,"comment_status":"closed","ping_status":"closed","template":"","meta":{"ngg_post_thumbnail":0,"footnotes":""},"translation":{"provider":"WPGlobus","version":"2.12.2","language":"fr","enabled_languages":["nl","fr"],"languages":{"nl":{"title":true,"content":true,"excerpt":false},"fr":{"title":true,"content":true,"excerpt":false}}},"aioseo_notices":[],"_links":{"self":[{"href":"https:\/\/taxiharut.be\/fr\/wp-json\/wp\/v2\/pages\/32"}],"collection":[{"href":"https:\/\/taxiharut.be\/fr\/wp-json\/wp\/v2\/pages"}],"about":[{"href":"https:\/\/taxiharut.be\/fr\/wp-json\/wp\/v2\/types\/page"}],"author":[{"embeddable":true,"href":"https:\/\/taxiharut.be\/fr\/wp-json\/wp\/v2\/users\/1"}],"replies":[{"embeddable":true,"href":"https:\/\/taxiharut.be\/fr\/wp-json\/wp\/v2\/comments?post=32"}],"version-history":[{"count":9,"href":"https:\/\/taxiharut.be\/fr\/wp-json\/wp\/v2\/pages\/32\/revisions"}],"predecessor-version":[{"id":500,"href":"https:\/\/taxiharut.be\/fr\/wp-json\/wp\/v2\/pages\/32\/revisions\/500"}],"up":[{"embeddable":true,"href":"https:\/\/taxiharut.be\/fr\/wp-json\/wp\/v2\/pages\/21"}],"wp:attachment":[{"href":"https:\/\/taxiharut.be\/fr\/wp-json\/wp\/v2\/media?parent=32"}],"curies":[{"name":"wp","href":"https:\/\/api.w.org\/{rel}","templated":true}]}}