{"id":34,"date":"2016-11-16T11:00:31","date_gmt":"2016-11-16T10:00:31","guid":{"rendered":"http:\/\/taxiharut.be\/?page_id=34"},"modified":"2023-12-24T00:23:03","modified_gmt":"2023-12-23T23:23:03","slug":"jobs","status":"publish","type":"page","link":"https:\/\/taxiharut.be\/fr\/over-taxi-harut\/jobs\/","title":{"rendered":"Jobs"},"content":{"rendered":"<p><img loading=\"lazy\" decoding=\"async\" class=\"size-medium wp-image-148 aligncenter\" src=\"\/wp-content\/uploads\/2016\/11\/taxi_harut-300x136.png\" alt=\"taxi_harut\" width=\"300\" height=\"136\" srcset=\"https:\/\/taxiharut.be\/wp-content\/uploads\/2016\/11\/taxi_harut-300x136.png 300w, https:\/\/taxiharut.be\/wp-content\/uploads\/2016\/11\/taxi_harut-520x235.png 520w, https:\/\/taxiharut.be\/wp-content\/uploads\/2016\/11\/taxi_harut-360x163.png 360w, https:\/\/taxiharut.be\/wp-content\/uploads\/2016\/11\/taxi_harut-250x113.png 250w, https:\/\/taxiharut.be\/wp-content\/uploads\/2016\/11\/taxi_harut-100x45.png 100w, https:\/\/taxiharut.be\/wp-content\/uploads\/2016\/11\/taxi_harut.png 573w\" sizes=\"(max-width: 300px) 100vw, 300px\" \/>Nous sommes toujours \u00e0 la recherche de nouveaux chauffeurs (permis B) susceptibles de contribuer \u00e0 notre d\u00e9veloppement dans le monde du transport de personne taxi. Pr\u00eat \u00e0 apporter vos comp\u00e9tences et votre enthousiasme \u00e0 une \u00e9quipe riche et dynamique&nbsp;?<br \/>\nConsultez nos derni\u00e8res offres d\u2019emploi et postulez directement&nbsp;par e-mail.<\/p>\n<p>Vous d\u00e9sirez travailler chez Harut AM&nbsp;sprl&nbsp;mais ne trouvez pas de poste qui vous convienne dans les derni\u00e8res offres d\u2019emploi ? Envoyez votre candidature spontan\u00e9e avec votre cv et une lettre de motivation <a href=\"mailto:job@taxiharut.be\">job@taxiharut.be<\/a><\/p>\n","protected":false},"excerpt":{"rendered":"<p>Nous sommes toujours \u00e0 la recherche de nouveaux chauffeurs (permis B) susceptibles de contribuer \u00e0 notre d\u00e9veloppement dans le monde du transport de personne taxi. Pr\u00eat \u00e0 apporter vos comp\u00e9tences et votre enthousiasme \u00e0 une \u00e9quipe riche et dynamique&nbsp;? Consultez nos derni\u00e8res offres d\u2019emploi et postulez directement&nbsp;par e-mail. Vous d\u00e9sirez travailler chez Harut AM&nbsp;sprl&nbsp;mais ne &hellip; <\/p>\n<p class=\"link-more\"><a href=\"https:\/\/taxiharut.be\/fr\/over-taxi-harut\/jobs\/\" class=\"more-link\">Lire la suite de<span class=\"screen-reader-text\">\u00ab\u00a0Jobs\u00a0\u00bb<\/span><\/a><\/p>\n","protected":false},"author":1,"featured_media":0,"parent":21,"menu_order":0,"comment_status":"closed","ping_status":"closed","template":"","meta":{"ngg_post_thumbnail":0,"footnotes":""},"translation":{"provider":"WPGlobus","version":"2.12.2","language":"fr","enabled_languages":["nl","fr"],"languages":{"nl":{"title":true,"content":true,"excerpt":false},"fr":{"title":true,"content":true,"excerpt":false}}},"aioseo_notices":[],"_links":{"self":[{"href":"https:\/\/taxiharut.be\/fr\/wp-json\/wp\/v2\/pages\/34"}],"collection":[{"href":"https:\/\/taxiharut.be\/fr\/wp-json\/wp\/v2\/pages"}],"about":[{"href":"https:\/\/taxiharut.be\/fr\/wp-json\/wp\/v2\/types\/page"}],"author":[{"embeddable":true,"href":"https:\/\/taxiharut.be\/fr\/wp-json\/wp\/v2\/users\/1"}],"replies":[{"embeddable":true,"href":"https:\/\/taxiharut.be\/fr\/wp-json\/wp\/v2\/comments?post=34"}],"version-history":[{"count":7,"href":"https:\/\/taxiharut.be\/fr\/wp-json\/wp\/v2\/pages\/34\/revisions"}],"predecessor-version":[{"id":488,"href":"https:\/\/taxiharut.be\/fr\/wp-json\/wp\/v2\/pages\/34\/revisions\/488"}],"up":[{"embeddable":true,"href":"https:\/\/taxiharut.be\/fr\/wp-json\/wp\/v2\/pages\/21"}],"wp:attachment":[{"href":"https:\/\/taxiharut.be\/fr\/wp-json\/wp\/v2\/media?parent=34"}],"curies":[{"name":"wp","href":"https:\/\/api.w.org\/{rel}","templated":true}]}}