{"id":424,"date":"2020-05-27T20:54:46","date_gmt":"2020-05-27T18:54:46","guid":{"rendered":"https:\/\/taxiharut.be\/taxi-aalst-alost-chauffeur-private-haaltert\/"},"modified":"2020-05-27T20:54:46","modified_gmt":"2020-05-27T18:54:46","slug":"taxi-aalst-alost-chauffeur-private-haaltert","status":"publish","type":"page","link":"https:\/\/taxiharut.be\/fr\/taxi-aalst-alost-chauffeur-private-haaltert\/","title":{"rendered":"Taxi Transfert A\u00e9roport {keywords}"},"content":{"rendered":"<p>Pour un transfert a\u00e9roport, vous pouvez compter sur Taxi Harut Haaltert.<\/p>\n<p>Que vous voyagiez pour affaires, en vacances ou pour rendre visite \u00e0 votre famille \u00e0 l&rsquo;\u00e9tranger, Taxi Harut est l&rsquo;endroit id\u00e9al pour vous. Avec Taxi Harut Haaltert, vous pouvez conduire confortablement et sans souci jusqu&rsquo;\u00e0 votre destination d&rsquo;a\u00e9roport avec des v\u00e9hicules de luxe de porte \u00e0 porte et sans valises.<\/p>\n<p>Si vous vous rendez \u00e0 Schiphol, \u00e0 Brussels Airport ou dans d&rsquo;autres a\u00e9roports nationaux et \u00e9trangers, vous \u00eates assur\u00e9 de b\u00e9n\u00e9ficier de tarifs fixes bas. Nous pouvons \u00e9galement venir vous chercher aux a\u00e9roports \u00e0 un endroit convenu et vous ramener chez vous en toute s\u00e9curit\u00e9. Les man\u00e8ges ne sont jamais combin\u00e9s avec d&rsquo;autres personnes.<\/p>\n<p>A\u00e9roport d&rsquo;Anvers, Bruxelles, Charleroi, Li\u00e8ge, Rotterdam, Amsterdam<\/p>\n<p><strong>Transport d&rsquo;entreprise Haaltert<\/strong><br \/>\nNous offrons une gamme de services suppl\u00e9mentaires \u00e0 nos clients professionnels. Nous savons mieux que quiconque qu&rsquo;un client professionnel appr\u00e9cie un transport de haute qualit\u00e9. Taxi Harut Haaltert est disponible tous les jours de la semaine pour vous amener confortablement et rapidement \u00e0 destination. Il est \u00e9galement possible de conduire sur facture pour vous, votre personnel ou vos clients, toujours sur demande.<\/p>\n<p><strong>Transport sanitaire<\/strong><\/p>\n<p>Avez-vous un rendez-vous avec un m\u00e9decin, un h\u00f4pital, un dentiste ou un autre \u00e9tablissement de sant\u00e9? Taxi Harut Haaltert vous am\u00e8nera en toute s\u00e9curit\u00e9 \u00e0 votre destination. Votre transport est notre pr\u00e9occupation et nous le faisons en accordant une attention particuli\u00e8re \u00e0 ce groupe cible. Nos chauffeurs sont bien form\u00e9s et comprennent que la paix et la structure sont tr\u00e8s importantes pour vous.<\/p>\n","protected":false},"excerpt":{"rendered":"<p>Pour un transfert a\u00e9roport, vous pouvez compter sur Taxi Harut Haaltert. Que vous voyagiez pour affaires, en vacances ou pour rendre visite \u00e0 votre famille \u00e0 l&rsquo;\u00e9tranger, Taxi Harut est l&rsquo;endroit id\u00e9al pour vous. Avec Taxi Harut Haaltert, vous pouvez conduire confortablement et sans souci jusqu&rsquo;\u00e0 votre destination d&rsquo;a\u00e9roport avec des v\u00e9hicules de luxe de &hellip; <\/p>\n<p class=\"link-more\"><a href=\"https:\/\/taxiharut.be\/fr\/taxi-aalst-alost-chauffeur-private-haaltert\/\" class=\"more-link\">Lire la suite de<span class=\"screen-reader-text\">\u00ab\u00a0Taxi Transfert A\u00e9roport {keywords}\u00a0\u00bb<\/span><\/a><\/p>\n","protected":false},"author":0,"featured_media":0,"parent":0,"menu_order":0,"comment_status":"closed","ping_status":"closed","template":"","meta":{"ngg_post_thumbnail":0,"footnotes":""},"translation":{"provider":"WPGlobus","version":"2.12.2","language":"fr","enabled_languages":["nl","fr"],"languages":{"nl":{"title":true,"content":true,"excerpt":false},"fr":{"title":true,"content":true,"excerpt":false}}},"aioseo_notices":[],"_links":{"self":[{"href":"https:\/\/taxiharut.be\/fr\/wp-json\/wp\/v2\/pages\/424"}],"collection":[{"href":"https:\/\/taxiharut.be\/fr\/wp-json\/wp\/v2\/pages"}],"about":[{"href":"https:\/\/taxiharut.be\/fr\/wp-json\/wp\/v2\/types\/page"}],"replies":[{"embeddable":true,"href":"https:\/\/taxiharut.be\/fr\/wp-json\/wp\/v2\/comments?post=424"}],"version-history":[{"count":0,"href":"https:\/\/taxiharut.be\/fr\/wp-json\/wp\/v2\/pages\/424\/revisions"}],"wp:attachment":[{"href":"https:\/\/taxiharut.be\/fr\/wp-json\/wp\/v2\/media?parent=424"}],"curies":[{"name":"wp","href":"https:\/\/api.w.org\/{rel}","templated":true}]}}